{"id":47004,"date":"2026-02-03T12:51:53","date_gmt":"2026-02-03T12:51:53","guid":{"rendered":"https:\/\/brave-greider.194-60-87-163.plesk.page\/?page_id=47004"},"modified":"2026-02-03T12:51:53","modified_gmt":"2026-02-03T12:51:53","slug":"jadranovo","status":"publish","type":"page","link":"https:\/\/hitourist.travel\/hr\/jadranovo\/","title":{"rendered":"Jadranovo"},"content":{"rendered":"\n<p>U\u017eivajte u mirnom odmoru u Jadranovu uz H&amp;I agenciju!<br\/>Jadranovo je \u0161armantno obalno mjesto u blizini Crikvenice, poznato po kristalno \u010distom moru, skrivenim uvalama i opu\u0161taju\u0107oj mediteranskoj atmosferi. Prona\u0111ite svoj idealni <strong>privatni smje\u0161taj u Jadranovu<\/strong> me\u0111u na\u0161im izborom udobnih apartmana i ku\u0107a uz more.<br\/>Rezervirajte s H&amp;I i do\u017eivite autenti\u010dni jadranski na\u010din \u017eivota, savr\u0161en za parove, obitelji i sve koji tra\u017ee miran odmor na hrvatskoj obali.<\/p>\n","protected":false},"excerpt":{"rendered":"<p>U\u017eivajte u mirnom odmoru u Jadranovu uz H&amp;I agenciju!Jadranovo je \u0161armantno obalno mjesto u blizini Crikvenice, poznato po kristalno \u010distom moru, skrivenim uvalama i opu\u0161taju\u0107oj mediteranskoj atmosferi. Prona\u0111ite svoj idealni privatni smje\u0161taj u Jadranovu me\u0111u na\u0161im izborom udobnih apartmana i ku\u0107a uz more.Rezervirajte s H&amp;I i do\u017eivite autenti\u010dni jadranski na\u010din \u017eivota, savr\u0161en za parove, obitelji [&hellip;]<\/p>\n","protected":false},"author":1,"featured_media":0,"parent":0,"menu_order":0,"comment_status":"closed","ping_status":"closed","template":"","meta":{"footnotes":""},"class_list":["post-47004","page","type-page","status-publish","hentry"],"yoast_head":"<!-- This site is optimized with the Yoast SEO plugin v27.4 - https:\/\/yoast.com\/product\/yoast-seo-wordpress\/ -->\n<title>Jadranovo - HiTourist Travel<\/title>\n<meta name=\"robots\" content=\"index, follow, max-snippet:-1, max-image-preview:large, max-video-preview:-1\" \/>\n<link rel=\"canonical\" href=\"https:\/\/hitourist.travel\/jadranovo\/\" \/>\n<meta property=\"og:locale\" content=\"hr_HR\" \/>\n<meta property=\"og:type\" content=\"article\" \/>\n<meta property=\"og:title\" content=\"Jadranovo - HiTourist Travel\" \/>\n<meta property=\"og:description\" content=\"U\u017eivajte u mirnom odmoru u Jadranovu uz H&amp;I agenciju!Jadranovo je \u0161armantno obalno mjesto u blizini Crikvenice, poznato po kristalno \u010distom moru, skrivenim uvalama i opu\u0161taju\u0107oj mediteranskoj atmosferi. Prona\u0111ite svoj idealni privatni smje\u0161taj u Jadranovu me\u0111u na\u0161im izborom udobnih apartmana i ku\u0107a uz more.Rezervirajte s H&amp;I i do\u017eivite autenti\u010dni jadranski na\u010din \u017eivota, savr\u0161en za parove, obitelji [&hellip;]\" \/>\n<meta property=\"og:url\" content=\"https:\/\/hitourist.travel\/jadranovo\/\" \/>\n<meta property=\"og:site_name\" content=\"HiTourist Travel\" \/>\n<meta name=\"twitter:card\" content=\"summary_large_image\" \/>\n<script type=\"application\/ld+json\" class=\"yoast-schema-graph\">{\"@context\":\"https:\\\/\\\/schema.org\",\"@graph\":[{\"@type\":\"WebPage\",\"@id\":\"https:\\\/\\\/hitourist.travel\\\/jadranovo\\\/\",\"url\":\"https:\\\/\\\/hitourist.travel\\\/jadranovo\\\/\",\"name\":\"Jadranovo - HiTourist Travel\",\"isPartOf\":{\"@id\":\"https:\\\/\\\/hitourist.travel\\\/#website\"},\"datePublished\":\"2026-02-03T12:51:53+00:00\",\"breadcrumb\":{\"@id\":\"https:\\\/\\\/hitourist.travel\\\/jadranovo\\\/#breadcrumb\"},\"inLanguage\":\"hr\",\"potentialAction\":[{\"@type\":\"ReadAction\",\"target\":[\"https:\\\/\\\/hitourist.travel\\\/jadranovo\\\/\"]}]},{\"@type\":\"BreadcrumbList\",\"@id\":\"https:\\\/\\\/hitourist.travel\\\/jadranovo\\\/#breadcrumb\",\"itemListElement\":[{\"@type\":\"ListItem\",\"position\":1,\"name\":\"Home\",\"item\":\"https:\\\/\\\/hitourist.travel\\\/hr\\\/\"},{\"@type\":\"ListItem\",\"position\":2,\"name\":\"Jadranovo\"}]},{\"@type\":\"WebSite\",\"@id\":\"https:\\\/\\\/hitourist.travel\\\/#website\",\"url\":\"https:\\\/\\\/hitourist.travel\\\/\",\"name\":\"hitourist.travel\",\"description\":\"\",\"publisher\":{\"@id\":\"https:\\\/\\\/hitourist.travel\\\/#organization\"},\"potentialAction\":[{\"@type\":\"SearchAction\",\"target\":{\"@type\":\"EntryPoint\",\"urlTemplate\":\"https:\\\/\\\/hitourist.travel\\\/?s={search_term_string}\"},\"query-input\":{\"@type\":\"PropertyValueSpecification\",\"valueRequired\":true,\"valueName\":\"search_term_string\"}}],\"inLanguage\":\"hr\"},{\"@type\":\"Organization\",\"@id\":\"https:\\\/\\\/hitourist.travel\\\/#organization\",\"name\":\"HiTourist\",\"url\":\"https:\\\/\\\/hitourist.travel\\\/\",\"logo\":{\"@type\":\"ImageObject\",\"inLanguage\":\"hr\",\"@id\":\"https:\\\/\\\/hitourist.travel\\\/#\\\/schema\\\/logo\\\/image\\\/\",\"url\":\"https:\\\/\\\/hitourist.travel\\\/wp-content\\\/uploads\\\/2025\\\/12\\\/cropped-H___I_Tourist_Agency-removebg-preview-1-removebg-preview.png\",\"contentUrl\":\"https:\\\/\\\/hitourist.travel\\\/wp-content\\\/uploads\\\/2025\\\/12\\\/cropped-H___I_Tourist_Agency-removebg-preview-1-removebg-preview.png\",\"width\":171,\"height\":165,\"caption\":\"HiTourist\"},\"image\":{\"@id\":\"https:\\\/\\\/hitourist.travel\\\/#\\\/schema\\\/logo\\\/image\\\/\"}}]}<\/script>\n<!-- \/ Yoast SEO plugin. -->","yoast_head_json":{"title":"Jadranovo - HiTourist Travel","robots":{"index":"index","follow":"follow","max-snippet":"max-snippet:-1","max-image-preview":"max-image-preview:large","max-video-preview":"max-video-preview:-1"},"canonical":"https:\/\/hitourist.travel\/jadranovo\/","og_locale":"hr_HR","og_type":"article","og_title":"Jadranovo - HiTourist Travel","og_description":"U\u017eivajte u mirnom odmoru u Jadranovu uz H&amp;I agenciju!Jadranovo je \u0161armantno obalno mjesto u blizini Crikvenice, poznato po kristalno \u010distom moru, skrivenim uvalama i opu\u0161taju\u0107oj mediteranskoj atmosferi. Prona\u0111ite svoj idealni privatni smje\u0161taj u Jadranovu me\u0111u na\u0161im izborom udobnih apartmana i ku\u0107a uz more.Rezervirajte s H&amp;I i do\u017eivite autenti\u010dni jadranski na\u010din \u017eivota, savr\u0161en za parove, obitelji [&hellip;]","og_url":"https:\/\/hitourist.travel\/jadranovo\/","og_site_name":"HiTourist Travel","twitter_card":"summary_large_image","schema":{"@context":"https:\/\/schema.org","@graph":[{"@type":"WebPage","@id":"https:\/\/hitourist.travel\/jadranovo\/","url":"https:\/\/hitourist.travel\/jadranovo\/","name":"Jadranovo - HiTourist Travel","isPartOf":{"@id":"https:\/\/hitourist.travel\/#website"},"datePublished":"2026-02-03T12:51:53+00:00","breadcrumb":{"@id":"https:\/\/hitourist.travel\/jadranovo\/#breadcrumb"},"inLanguage":"hr","potentialAction":[{"@type":"ReadAction","target":["https:\/\/hitourist.travel\/jadranovo\/"]}]},{"@type":"BreadcrumbList","@id":"https:\/\/hitourist.travel\/jadranovo\/#breadcrumb","itemListElement":[{"@type":"ListItem","position":1,"name":"Home","item":"https:\/\/hitourist.travel\/hr\/"},{"@type":"ListItem","position":2,"name":"Jadranovo"}]},{"@type":"WebSite","@id":"https:\/\/hitourist.travel\/#website","url":"https:\/\/hitourist.travel\/","name":"hitourist.travel","description":"","publisher":{"@id":"https:\/\/hitourist.travel\/#organization"},"potentialAction":[{"@type":"SearchAction","target":{"@type":"EntryPoint","urlTemplate":"https:\/\/hitourist.travel\/?s={search_term_string}"},"query-input":{"@type":"PropertyValueSpecification","valueRequired":true,"valueName":"search_term_string"}}],"inLanguage":"hr"},{"@type":"Organization","@id":"https:\/\/hitourist.travel\/#organization","name":"HiTourist","url":"https:\/\/hitourist.travel\/","logo":{"@type":"ImageObject","inLanguage":"hr","@id":"https:\/\/hitourist.travel\/#\/schema\/logo\/image\/","url":"https:\/\/hitourist.travel\/wp-content\/uploads\/2025\/12\/cropped-H___I_Tourist_Agency-removebg-preview-1-removebg-preview.png","contentUrl":"https:\/\/hitourist.travel\/wp-content\/uploads\/2025\/12\/cropped-H___I_Tourist_Agency-removebg-preview-1-removebg-preview.png","width":171,"height":165,"caption":"HiTourist"},"image":{"@id":"https:\/\/hitourist.travel\/#\/schema\/logo\/image\/"}}]}},"_links":{"self":[{"href":"https:\/\/hitourist.travel\/hr\/wp-json\/wp\/v2\/pages\/47004","targetHints":{"allow":["GET"]}}],"collection":[{"href":"https:\/\/hitourist.travel\/hr\/wp-json\/wp\/v2\/pages"}],"about":[{"href":"https:\/\/hitourist.travel\/hr\/wp-json\/wp\/v2\/types\/page"}],"author":[{"embeddable":true,"href":"https:\/\/hitourist.travel\/hr\/wp-json\/wp\/v2\/users\/1"}],"replies":[{"embeddable":true,"href":"https:\/\/hitourist.travel\/hr\/wp-json\/wp\/v2\/comments?post=47004"}],"version-history":[{"count":1,"href":"https:\/\/hitourist.travel\/hr\/wp-json\/wp\/v2\/pages\/47004\/revisions"}],"predecessor-version":[{"id":47005,"href":"https:\/\/hitourist.travel\/hr\/wp-json\/wp\/v2\/pages\/47004\/revisions\/47005"}],"wp:attachment":[{"href":"https:\/\/hitourist.travel\/hr\/wp-json\/wp\/v2\/media?parent=47004"}],"curies":[{"name":"wp","href":"https:\/\/api.w.org\/{rel}","templated":true}]}}